{"id":132,"date":"2025-11-02T14:34:41","date_gmt":"2025-11-02T14:34:41","guid":{"rendered":"https:\/\/techdo.biz\/iichelbangheorghe\/?page_id=132"},"modified":"2025-11-03T16:43:20","modified_gmt":"2025-11-03T16:43:20","slug":"%f0%9f%93%a2noutati","status":"publish","type":"page","link":"https:\/\/www.iichelbangheorghe.com\/?page_id=132","title":{"rendered":"\ud83d\udce2Nout\u0103\u021bi"},"content":{"rendered":"<section style=\"position: relative; text-align: center; color: #fff;\"><!-- Cover image --><\/p>\n<div style=\"position: relative; overflow: hidden; height: 400px; background: url('https:\/\/techdo.biz\/iichelbangheorghe\/wp-content\/uploads\/2025\/11\/detskaya-1024x682-2.jpg') center\/cover no-repeat;\">\n<div style=\"position: absolute; top: 0; left: 0; width: 100%; height: 100%; background-color: rgba(0,0,0,0.5);\"><\/div>\n<div style=\"position: absolute; top: 50%; left: 50%; transform: translate(-50%, -50%); width: 90%; max-width: 1140px;\"><!-- Heading --><\/p>\n<h2 style=\"font-size: 2rem; line-height: 1.2; margin-bottom: 20px;\">Data: <strong>15 decembrie 2025<\/strong> Conferin\u0163\u0103 \u015ftiin\u0163ific\u0103 pe stomatologie pediatric\u0103<\/h2>\n<p><!-- Paragraph --><\/p>\n<p style=\"font-size: 1rem; line-height: 1.6; background: rgba(0,0,0,0.3); padding: 15px; border-radius: 8px;\"><strong>Avans\u0103ri \u00een stomatologia pediatric\u0103 \u2013 conferin\u0163\u0103 la Chi\u015fin\u0103u<\/strong><br \/>\nUniversitatea de Medicin\u0103 \u015fi Farmacie \u201eUniversitatea de Stat de Medicin\u0103 \u015fi Farmacie Nicolae Testemi\u0163anu\u201d din Chi\u015fin\u0103u va organiza o conferin\u0163\u0103 \u00een domeniul stomatologiei pediatrice, \u00een care se va discuta tehnici moderne de interven\u0163ie \u015fi preven\u0163ie pentru copii.<br \/>\n<strong>Implica\u0163ie pentru pacien\u0163i:<\/strong> Sugereaz\u0103 c\u0103 serviciile pentru copii devin mai bine dotate, iar clinicile pot oferi tratamente adaptate, cu mai mult\u0103 aten\u0163ie la confortul micilor pacien\u0163i.<\/p>\n<\/div>\n<\/div>\n<\/section>\n","protected":false},"excerpt":{"rendered":"<p>Data: 15 decembrie 2025 Conferin\u0163\u0103 \u015ftiin\u0163ific\u0103 pe stomatologie pediatric\u0103 Avans\u0103ri \u00een stomatologia pediatric\u0103 \u2013 conferin\u0163\u0103 la Chi\u015fin\u0103u Universitatea de Medicin\u0103 \u015fi Farmacie \u201eUniversitatea de Stat de Medicin\u0103 \u015fi Farmacie Nicolae Testemi\u0163anu\u201d din Chi\u015fin\u0103u va organiza o conferin\u0163\u0103 \u00een domeniul stomatologiei pediatrice, \u00een care se va discuta tehnici moderne de interven\u0163ie \u015fi preven\u0163ie pentru copii. Implica\u0163ie [&hellip;]<\/p>\n","protected":false},"author":1,"featured_media":0,"parent":0,"menu_order":0,"comment_status":"closed","ping_status":"closed","template":"","meta":{"_themeisle_gutenberg_block_has_review":false,"footnotes":""},"class_list":["post-132","page","type-page","status-publish","hentry"],"_links":{"self":[{"href":"https:\/\/www.iichelbangheorghe.com\/index.php?rest_route=\/wp\/v2\/pages\/132","targetHints":{"allow":["GET"]}}],"collection":[{"href":"https:\/\/www.iichelbangheorghe.com\/index.php?rest_route=\/wp\/v2\/pages"}],"about":[{"href":"https:\/\/www.iichelbangheorghe.com\/index.php?rest_route=\/wp\/v2\/types\/page"}],"author":[{"embeddable":true,"href":"https:\/\/www.iichelbangheorghe.com\/index.php?rest_route=\/wp\/v2\/users\/1"}],"replies":[{"embeddable":true,"href":"https:\/\/www.iichelbangheorghe.com\/index.php?rest_route=%2Fwp%2Fv2%2Fcomments&post=132"}],"version-history":[{"count":7,"href":"https:\/\/www.iichelbangheorghe.com\/index.php?rest_route=\/wp\/v2\/pages\/132\/revisions"}],"predecessor-version":[{"id":187,"href":"https:\/\/www.iichelbangheorghe.com\/index.php?rest_route=\/wp\/v2\/pages\/132\/revisions\/187"}],"wp:attachment":[{"href":"https:\/\/www.iichelbangheorghe.com\/index.php?rest_route=%2Fwp%2Fv2%2Fmedia&parent=132"}],"curies":[{"name":"wp","href":"https:\/\/api.w.org\/{rel}","templated":true}]}}