{"id":2,"date":"2025-11-01T20:40:30","date_gmt":"2025-11-01T20:40:30","guid":{"rendered":"http:\/\/techdo.biz\/iichelbangheorghe\/?page_id=2"},"modified":"2025-11-03T17:37:25","modified_gmt":"2025-11-03T17:37:25","slug":"sample-page","status":"publish","type":"page","link":"https:\/\/www.iichelbangheorghe.com\/?page_id=2","title":{"rendered":"\ud83e\ude7aServicii"},"content":{"rendered":"<section style=\"background-color: #f8f8f8; padding: 60px 20px;\">\n<div style=\"display: flex; flex-wrap: wrap; justify-content: center; gap: 20px; max-width: 1200px; margin: 0 auto;\">\n<p><!-- Pedodon\u021bie --><\/p>\n<div style=\"background: #fff; flex: 1 1 30%; padding: 20px; text-align: center; border-radius: 10px;\"><img decoding=\"async\" style=\"width: 100%; border-radius: 10px; margin-bottom: 15px;\" src=\"https:\/\/techdo.biz\/iichelbangheorghe\/wp-content\/uploads\/2025\/11\/stock-photo-unpleasant-procedure.webp\" alt=\"Pedodon\u021bie\" \/><\/p>\n<h4 style=\"color: #070731;\">Pedodon\u021bie \u0219i stomatologie pediatric\u0103<\/h4>\n<p style=\"color: #070731;\">Oferim \u00eengrijire dentar\u0103 bl\u00e2nd\u0103 \u0219i educativ\u0103 copiilor, pentru un \u00eenceput s\u0103n\u0103tos al danturii.<\/p>\n<p><a style=\"color: #fdb72b; text-decoration: none; font-weight: bold;\" href=\"https:\/\/iichelbangheorghe.com\/?page_id=51\">MAI MULT<\/a><\/p>\n<\/div>\n<p><!-- Chirurgie dento-alveolar\u0103 --><\/p>\n<div style=\"background: #fff; flex: 1 1 30%; padding: 20px; text-align: center; border-radius: 10px;\"><img decoding=\"async\" style=\"width: 100%; border-radius: 10px; margin-bottom: 15px;\" src=\"https:\/\/techdo.biz\/iichelbangheorghe\/wp-content\/uploads\/2025\/11\/shutterstock_215625895-1080x675-1-1024x640.webp\" alt=\"Chirurgie dento-alveolar\u0103\" \/><\/p>\n<h4 style=\"color: #070731;\">Chirurgie dento-alveolar\u0103 (de ambulator)<\/h4>\n<p style=\"color: #070731;\">Realiz\u0103m interven\u021bii chirurgicale minore, sigure \u0219i precise, pentru men\u021binerea s\u0103n\u0103t\u0103\u021bii dentare \u0219i osoase.<\/p>\n<p><a style=\"color: #fdb72b; text-decoration: none; font-weight: bold;\" href=\"https:\/\/iichelbangheorghe.com\/?page_id=47\">MAI MULT<\/a><\/p>\n<\/div>\n<p><!-- Ortopedie dento-facial\u0103 --><\/p>\n<div style=\"background: #fff; flex: 1 1 30%; padding: 20px; text-align: center; border-radius: 10px;\"><img loading=\"lazy\" decoding=\"async\" class=\"\" src=\"https:\/\/www.theblvddentist.com\/wp-content\/uploads\/2023\/03\/prosthetics-image.jpg\" alt=\"3D Prosthetics\" width=\"216\" height=\"162\" \/><\/p>\n<h4 style=\"color: #070731;\">Ortopedie stomatologica<\/h4>\n<p style=\"color: #070731;\">Restaur\u0103m din\u021bii deteriora\u021bi sau lips\u0103 cu\u00a0 coroane, pun\u021bi \u0219i proteze dentare pentru a \u00eembun\u0103t\u0103\u021bi func\u021bia \u0219i estetica.<\/p>\n<p><a style=\"color: #fdb72b; text-decoration: none; font-weight: bold;\" href=\"https:\/\/iichelbangheorghe.com\/?page_id=49\">MAI MULT<\/a><\/p>\n<\/div>\n<p><!-- Terapie stomatologic\u0103 --><\/p>\n<div style=\"background: #fff; flex: 1 1 22%; padding: 20px; text-align: center; border-radius: 10px;\"><img decoding=\"async\" style=\"width: 100%; border-radius: 10px; margin-bottom: 15px;\" src=\"https:\/\/techdo.biz\/iichelbangheorghe\/wp-content\/uploads\/2025\/11\/Dental-Fillings-Town-Center-Dental-Of-Cedar-Park-1.jpg\" alt=\"Terapie stomatologic\u0103\" \/><\/p>\n<h4 style=\"color: #070731;\">Terapie stomatologic\u0103<\/h4>\n<p style=\"color: #070731;\">Trat\u0103m afec\u021biunile carioase \u0219i refacem func\u021bia \u0219i estetica din\u021bilor prin solu\u021bii moderne \u0219i durabile.<\/p>\n<p><a style=\"color: #fdb72b; text-decoration: none; font-weight: bold;\" href=\"https:\/\/iichelbangheorghe.com\/?page_id=33\">MAI MULT<\/a><\/p>\n<\/div>\n<p><!-- Estetic\u0103 dentar\u0103 --><\/p>\n<div style=\"background: #fff; flex: 1 1 22%; padding: 20px; text-align: center; border-radius: 10px;\"><img decoding=\"async\" style=\"width: 100%; border-radius: 10px; margin-bottom: 15px;\" src=\"https:\/\/techdo.biz\/iichelbangheorghe\/wp-content\/uploads\/2025\/11\/image-3.png\" alt=\"Estetic\u0103 dentar\u0103\" \/><\/p>\n<h4 style=\"color: #070731;\">Estetic\u0103 dentar\u0103<\/h4>\n<p style=\"color: #070731;\">Red\u0103m frumuse\u021bea natural\u0103 a z\u00e2mbetului prin tratamente estetice personalizate \u0219i tehnici moderne.<\/p>\n<p><a style=\"color: #fdb72b; text-decoration: none; font-weight: bold;\" href=\"https:\/\/iichelbangheorghe.com\/?page_id=53\">MAI MULT<\/a><\/p>\n<\/div>\n<p><!-- Tratament endodontic --><\/p>\n<div style=\"background: #fff; flex: 1 1 22%; padding: 20px; text-align: center; border-radius: 10px;\"><img decoding=\"async\" style=\"width: 100%; border-radius: 10px; margin-bottom: 15px;\" src=\"https:\/\/techdo.biz\/iichelbangheorghe\/wp-content\/uploads\/2025\/11\/image-2.png\" alt=\"Tratament endodontic\" \/><\/p>\n<h4 style=\"color: #070731;\">Tratament endodontic<\/h4>\n<p style=\"color: #070731;\">Salv\u0103m din\u021bii afecta\u021bi de infec\u021bii prin tratamente de canal realizate cu precizie \u0219i tehnologie avansat\u0103.<\/p>\n<p><a style=\"color: #fdb72b; text-decoration: none; font-weight: bold;\" href=\"https:\/\/iichelbangheorghe.com\/?page_id=57\">MAI MULT<\/a><\/p>\n<\/div>\n<p><!-- Tratament parodontal --><\/p>\n<div style=\"background: #fff; flex: 1 1 22%; padding: 20px; text-align: center; border-radius: 10px;\"><img decoding=\"async\" style=\"width: 100%; border-radius: 10px; margin-bottom: 15px;\" src=\"https:\/\/techdo.biz\/iichelbangheorghe\/wp-content\/uploads\/2025\/11\/before-and-after-periodontal-disease-plaque-tartar-removal-1024x390.jpg\" alt=\"Tratament parodontal\" \/><\/p>\n<h4 style=\"color: #070731;\">Tratament parodontal<\/h4>\n<p style=\"color: #070731;\">Prevenim \u0219i trat\u0103m afec\u021biunile gingiilor pentru a proteja stabilitatea \u0219i s\u0103n\u0103tatea din\u021bilor.<\/p>\n<p><a style=\"color: #fdb72b; text-decoration: none; font-weight: bold;\" href=\"https:\/\/iichelbangheorghe.com\/?page_id=55\">MAI MULT<\/a><\/p>\n<\/div>\n<\/div>\n<\/section>\n","protected":false},"excerpt":{"rendered":"<p>Pedodon\u021bie \u0219i stomatologie pediatric\u0103 Oferim \u00eengrijire dentar\u0103 bl\u00e2nd\u0103 \u0219i educativ\u0103 copiilor, pentru un \u00eenceput s\u0103n\u0103tos al danturii. MAI MULT Chirurgie dento-alveolar\u0103 (de ambulator) Realiz\u0103m interven\u021bii chirurgicale minore, sigure \u0219i precise, pentru men\u021binerea s\u0103n\u0103t\u0103\u021bii dentare \u0219i osoase. MAI MULT Ortopedie stomatologica Restaur\u0103m din\u021bii deteriora\u021bi sau lips\u0103 cu\u00a0 coroane, pun\u021bi \u0219i proteze dentare pentru a \u00eembun\u0103t\u0103\u021bi func\u021bia [&hellip;]<\/p>\n","protected":false},"author":1,"featured_media":0,"parent":0,"menu_order":0,"comment_status":"closed","ping_status":"open","template":"","meta":{"_themeisle_gutenberg_block_has_review":false,"footnotes":""},"class_list":["post-2","page","type-page","status-publish","hentry"],"_links":{"self":[{"href":"https:\/\/www.iichelbangheorghe.com\/index.php?rest_route=\/wp\/v2\/pages\/2","targetHints":{"allow":["GET"]}}],"collection":[{"href":"https:\/\/www.iichelbangheorghe.com\/index.php?rest_route=\/wp\/v2\/pages"}],"about":[{"href":"https:\/\/www.iichelbangheorghe.com\/index.php?rest_route=\/wp\/v2\/types\/page"}],"author":[{"embeddable":true,"href":"https:\/\/www.iichelbangheorghe.com\/index.php?rest_route=\/wp\/v2\/users\/1"}],"replies":[{"embeddable":true,"href":"https:\/\/www.iichelbangheorghe.com\/index.php?rest_route=%2Fwp%2Fv2%2Fcomments&post=2"}],"version-history":[{"count":12,"href":"https:\/\/www.iichelbangheorghe.com\/index.php?rest_route=\/wp\/v2\/pages\/2\/revisions"}],"predecessor-version":[{"id":182,"href":"https:\/\/www.iichelbangheorghe.com\/index.php?rest_route=\/wp\/v2\/pages\/2\/revisions\/182"}],"wp:attachment":[{"href":"https:\/\/www.iichelbangheorghe.com\/index.php?rest_route=%2Fwp%2Fv2%2Fmedia&parent=2"}],"curies":[{"name":"wp","href":"https:\/\/api.w.org\/{rel}","templated":true}]}}