{"id":33,"date":"2025-11-01T21:55:00","date_gmt":"2025-11-01T21:55:00","guid":{"rendered":"https:\/\/www.iichelbangheorghe.com\/?page_id=33"},"modified":"2025-11-03T19:15:05","modified_gmt":"2025-11-03T19:15:05","slug":"%f0%9f%a6%b7-terapie-stomatologica","status":"publish","type":"page","link":"https:\/\/www.iichelbangheorghe.com\/?page_id=33","title":{"rendered":"\ud83e\uddb7 Terapie stomatologic\u0103"},"content":{"rendered":"\n<div class=\"wp-block-media-text has-media-on-the-right is-stacked-on-mobile\"><div class=\"wp-block-media-text__content\">\n<p>Terapia stomatologic\u0103 reprezint\u0103 baza \u00eengrijirii dentare \u0219i are ca scop tratamentul afec\u021biunilor carioase \u0219i restaurarea func\u021biei estetice \u0219i masticatorii a din\u021bilor. Prin tratamente moderne \u0219i materiale de ultim\u0103 genera\u021bie, se realizeaz\u0103 obtura\u021bii (plombe) estetice, reconstruiri ale din\u021bilor fractura\u021bi \u0219i refacerea structurii dentare afectate. Fiecare procedur\u0103 este efectuat\u0103 cu precizie \u0219i aten\u021bie la detalii, pentru a asigura durabilitatea \u0219i confortul pacientului, precum \u0219i integrarea perfect\u0103 \u00een z\u00e2mbetul natural.<\/p>\n\n\n\n<p><\/p>\n<\/div><figure class=\"wp-block-media-text__media\"><img loading=\"lazy\" decoding=\"async\" width=\"600\" height=\"399\" src=\"https:\/\/techdo.biz\/iichelbangheorghe\/wp-content\/uploads\/2025\/11\/depositphotos_67866333-stock-photo-female-patient-receiving-dental-care.webp\" alt=\"\" class=\"wp-image-251 size-full\" srcset=\"https:\/\/www.iichelbangheorghe.com\/wp-content\/uploads\/2025\/11\/depositphotos_67866333-stock-photo-female-patient-receiving-dental-care.webp 600w, https:\/\/www.iichelbangheorghe.com\/wp-content\/uploads\/2025\/11\/depositphotos_67866333-stock-photo-female-patient-receiving-dental-care-300x200.webp 300w\" sizes=\"auto, (max-width: 600px) 100vw, 600px\" \/><\/figure><\/div>\n","protected":false},"excerpt":{"rendered":"<p>Terapia stomatologic\u0103 reprezint\u0103 baza \u00eengrijirii dentare \u0219i are ca scop tratamentul afec\u021biunilor carioase \u0219i restaurarea func\u021biei estetice \u0219i masticatorii a din\u021bilor. Prin tratamente moderne \u0219i materiale de ultim\u0103 genera\u021bie, se realizeaz\u0103 obtura\u021bii (plombe) estetice, reconstruiri ale din\u021bilor fractura\u021bi \u0219i refacerea structurii dentare afectate. Fiecare procedur\u0103 este efectuat\u0103 cu precizie \u0219i aten\u021bie la detalii, pentru a [&hellip;]<\/p>\n","protected":false},"author":1,"featured_media":0,"parent":2,"menu_order":0,"comment_status":"closed","ping_status":"closed","template":"","meta":{"_themeisle_gutenberg_block_has_review":false,"footnotes":""},"class_list":["post-33","page","type-page","status-publish","hentry"],"_links":{"self":[{"href":"https:\/\/www.iichelbangheorghe.com\/index.php?rest_route=\/wp\/v2\/pages\/33","targetHints":{"allow":["GET"]}}],"collection":[{"href":"https:\/\/www.iichelbangheorghe.com\/index.php?rest_route=\/wp\/v2\/pages"}],"about":[{"href":"https:\/\/www.iichelbangheorghe.com\/index.php?rest_route=\/wp\/v2\/types\/page"}],"author":[{"embeddable":true,"href":"https:\/\/www.iichelbangheorghe.com\/index.php?rest_route=\/wp\/v2\/users\/1"}],"replies":[{"embeddable":true,"href":"https:\/\/www.iichelbangheorghe.com\/index.php?rest_route=%2Fwp%2Fv2%2Fcomments&post=33"}],"version-history":[{"count":4,"href":"https:\/\/www.iichelbangheorghe.com\/index.php?rest_route=\/wp\/v2\/pages\/33\/revisions"}],"predecessor-version":[{"id":254,"href":"https:\/\/www.iichelbangheorghe.com\/index.php?rest_route=\/wp\/v2\/pages\/33\/revisions\/254"}],"up":[{"embeddable":true,"href":"https:\/\/www.iichelbangheorghe.com\/index.php?rest_route=\/wp\/v2\/pages\/2"}],"wp:attachment":[{"href":"https:\/\/www.iichelbangheorghe.com\/index.php?rest_route=%2Fwp%2Fv2%2Fmedia&parent=33"}],"curies":[{"name":"wp","href":"https:\/\/api.w.org\/{rel}","templated":true}]}}