{"id":55,"date":"2025-11-01T22:15:35","date_gmt":"2025-11-01T22:15:35","guid":{"rendered":"https:\/\/www.iichelbangheorghe.com\/?page_id=55"},"modified":"2025-11-03T19:09:59","modified_gmt":"2025-11-03T19:09:59","slug":"%f0%9f%aa%a5-tratament-parodontal","status":"publish","type":"page","link":"https:\/\/www.iichelbangheorghe.com\/?page_id=55","title":{"rendered":"\ud83e\udea5 Tratament parodontal"},"content":{"rendered":"\n<div class=\"wp-block-media-text is-stacked-on-mobile\"><figure class=\"wp-block-media-text__media\"><img loading=\"lazy\" decoding=\"async\" width=\"685\" height=\"829\" src=\"https:\/\/techdo.biz\/iichelbangheorghe\/wp-content\/uploads\/2025\/11\/periodontal-disease-symptoms-and-treatment-dentist.jpg\" alt=\"\" class=\"wp-image-248 size-full\" srcset=\"https:\/\/www.iichelbangheorghe.com\/wp-content\/uploads\/2025\/11\/periodontal-disease-symptoms-and-treatment-dentist.jpg 685w, https:\/\/www.iichelbangheorghe.com\/wp-content\/uploads\/2025\/11\/periodontal-disease-symptoms-and-treatment-dentist-248x300.jpg 248w\" sizes=\"auto, (max-width: 685px) 100vw, 685px\" \/><\/figure><div class=\"wp-block-media-text__content\">\n<p>Terapia parodontal\u0103 are rolul de a preveni \u0219i trata bolile gingivale \u0219i parodontale (cunoscute popular ca \u201eboala parodontal\u0103\u201d sau \u201eparodontoz\u0103\u201d). Aceasta include detartrajul profesional, chiuretajul subgingival, tratamente antiseptice \u0219i monitorizarea periodic\u0103 a s\u0103n\u0103t\u0103\u021bii gingiilor. Prin diagnostic precoce \u0219i tratamente personalizate, se poate opri evolu\u021bia bolii \u0219i men\u021bine stabilitatea din\u021bilor pe termen lung.<\/p>\n<\/div><\/div>\n","protected":false},"excerpt":{"rendered":"<p>Terapia parodontal\u0103 are rolul de a preveni \u0219i trata bolile gingivale \u0219i parodontale (cunoscute popular ca \u201eboala parodontal\u0103\u201d sau \u201eparodontoz\u0103\u201d). Aceasta include detartrajul profesional, chiuretajul subgingival, tratamente antiseptice \u0219i monitorizarea periodic\u0103 a s\u0103n\u0103t\u0103\u021bii gingiilor. Prin diagnostic precoce \u0219i tratamente personalizate, se poate opri evolu\u021bia bolii \u0219i men\u021bine stabilitatea din\u021bilor pe termen lung.<\/p>\n","protected":false},"author":1,"featured_media":0,"parent":2,"menu_order":0,"comment_status":"closed","ping_status":"closed","template":"","meta":{"_themeisle_gutenberg_block_has_review":false,"footnotes":""},"class_list":["post-55","page","type-page","status-publish","hentry"],"_links":{"self":[{"href":"https:\/\/www.iichelbangheorghe.com\/index.php?rest_route=\/wp\/v2\/pages\/55","targetHints":{"allow":["GET"]}}],"collection":[{"href":"https:\/\/www.iichelbangheorghe.com\/index.php?rest_route=\/wp\/v2\/pages"}],"about":[{"href":"https:\/\/www.iichelbangheorghe.com\/index.php?rest_route=\/wp\/v2\/types\/page"}],"author":[{"embeddable":true,"href":"https:\/\/www.iichelbangheorghe.com\/index.php?rest_route=\/wp\/v2\/users\/1"}],"replies":[{"embeddable":true,"href":"https:\/\/www.iichelbangheorghe.com\/index.php?rest_route=%2Fwp%2Fv2%2Fcomments&post=55"}],"version-history":[{"count":3,"href":"https:\/\/www.iichelbangheorghe.com\/index.php?rest_route=\/wp\/v2\/pages\/55\/revisions"}],"predecessor-version":[{"id":250,"href":"https:\/\/www.iichelbangheorghe.com\/index.php?rest_route=\/wp\/v2\/pages\/55\/revisions\/250"}],"up":[{"embeddable":true,"href":"https:\/\/www.iichelbangheorghe.com\/index.php?rest_route=\/wp\/v2\/pages\/2"}],"wp:attachment":[{"href":"https:\/\/www.iichelbangheorghe.com\/index.php?rest_route=%2Fwp%2Fv2%2Fmedia&parent=55"}],"curies":[{"name":"wp","href":"https:\/\/api.w.org\/{rel}","templated":true}]}}