{"id":57,"date":"2025-11-01T22:15:57","date_gmt":"2025-11-01T22:15:57","guid":{"rendered":"https:\/\/www.iichelbangheorghe.com\/?page_id=57"},"modified":"2025-11-03T19:05:33","modified_gmt":"2025-11-03T19:05:33","slug":"%f0%9f%94%ac-tratament-endodontic","status":"publish","type":"page","link":"https:\/\/www.iichelbangheorghe.com\/?page_id=57","title":{"rendered":"\ud83d\udd2c Tratament endodontic"},"content":{"rendered":"\n<div class=\"wp-block-media-text is-stacked-on-mobile\"><figure class=\"wp-block-media-text__media\"><img loading=\"lazy\" decoding=\"async\" width=\"600\" height=\"514\" src=\"https:\/\/techdo.biz\/iichelbangheorghe\/wp-content\/uploads\/2025\/11\/depositphotos_268807000-stock-photo-root-canal-treatment-process-illustration.webp\" alt=\"\" class=\"wp-image-88 size-full\" srcset=\"https:\/\/www.iichelbangheorghe.com\/wp-content\/uploads\/2025\/11\/depositphotos_268807000-stock-photo-root-canal-treatment-process-illustration.webp 600w, https:\/\/www.iichelbangheorghe.com\/wp-content\/uploads\/2025\/11\/depositphotos_268807000-stock-photo-root-canal-treatment-process-illustration-300x257.webp 300w\" sizes=\"auto, (max-width: 600px) 100vw, 600px\" \/><\/figure><div class=\"wp-block-media-text__content\">\n<p>Tratamentul endodontic (tratamentul de canal) are scopul de a salva din\u021bii afecta\u021bi de carii profunde sau infec\u021bii ale pulpei dentare. Procedura const\u0103 \u00een cur\u0103\u021barea, dezinfectarea \u0219i obturarea canalelor radiculare, utiliz\u00e2nd echipamente moderne \u0219i tehnici de precizie (lupe, microscop, localizator apical). Prin aceste tratamente minim invazive, dintele poate fi p\u0103strat pe arcad\u0103, evit\u00e2nd extrac\u021bia \u0219i men\u021bin\u00e2nd func\u021bionalitatea \u0219i estetica dentar\u0103.<\/p>\n<\/div><\/div>\n","protected":false},"excerpt":{"rendered":"<p>Tratamentul endodontic (tratamentul de canal) are scopul de a salva din\u021bii afecta\u021bi de carii profunde sau infec\u021bii ale pulpei dentare. Procedura const\u0103 \u00een cur\u0103\u021barea, dezinfectarea \u0219i obturarea canalelor radiculare, utiliz\u00e2nd echipamente moderne \u0219i tehnici de precizie (lupe, microscop, localizator apical). Prin aceste tratamente minim invazive, dintele poate fi p\u0103strat pe arcad\u0103, evit\u00e2nd extrac\u021bia \u0219i men\u021bin\u00e2nd [&hellip;]<\/p>\n","protected":false},"author":1,"featured_media":0,"parent":2,"menu_order":0,"comment_status":"closed","ping_status":"closed","template":"","meta":{"_themeisle_gutenberg_block_has_review":false,"footnotes":""},"class_list":["post-57","page","type-page","status-publish","hentry"],"_links":{"self":[{"href":"https:\/\/www.iichelbangheorghe.com\/index.php?rest_route=\/wp\/v2\/pages\/57","targetHints":{"allow":["GET"]}}],"collection":[{"href":"https:\/\/www.iichelbangheorghe.com\/index.php?rest_route=\/wp\/v2\/pages"}],"about":[{"href":"https:\/\/www.iichelbangheorghe.com\/index.php?rest_route=\/wp\/v2\/types\/page"}],"author":[{"embeddable":true,"href":"https:\/\/www.iichelbangheorghe.com\/index.php?rest_route=\/wp\/v2\/users\/1"}],"replies":[{"embeddable":true,"href":"https:\/\/www.iichelbangheorghe.com\/index.php?rest_route=%2Fwp%2Fv2%2Fcomments&post=57"}],"version-history":[{"count":3,"href":"https:\/\/www.iichelbangheorghe.com\/index.php?rest_route=\/wp\/v2\/pages\/57\/revisions"}],"predecessor-version":[{"id":241,"href":"https:\/\/www.iichelbangheorghe.com\/index.php?rest_route=\/wp\/v2\/pages\/57\/revisions\/241"}],"up":[{"embeddable":true,"href":"https:\/\/www.iichelbangheorghe.com\/index.php?rest_route=\/wp\/v2\/pages\/2"}],"wp:attachment":[{"href":"https:\/\/www.iichelbangheorghe.com\/index.php?rest_route=%2Fwp%2Fv2%2Fmedia&parent=57"}],"curies":[{"name":"wp","href":"https:\/\/api.w.org\/{rel}","templated":true}]}}